{"id":13,"date":"2025-10-08T07:11:39","date_gmt":"2025-10-08T07:11:39","guid":{"rendered":"https:\/\/swisscrom.com\/?page_id=13"},"modified":"2025-11-20T02:25:34","modified_gmt":"2025-11-20T02:25:34","slug":"oprema","status":"publish","type":"page","link":"https:\/\/swisscrom.com\/index.php\/oprema\/","title":{"rendered":"OPREMA"},"content":{"rendered":"\t\t<div data-elementor-type=\"wp-page\" data-elementor-id=\"13\" class=\"elementor elementor-13\" data-elementor-post-type=\"page\">\n\t\t\t\t<div class=\"elementor-element elementor-element-546f743 e-flex e-con-boxed e-con e-parent\" data-id=\"546f743\" data-element_type=\"container\" data-settings=\"{&quot;background_background&quot;:&quot;classic&quot;}\">\n\t\t\t\t\t<div class=\"e-con-inner\">\n\t\t<div class=\"elementor-element elementor-element-d1334e4 e-con-full e-flex e-con e-child\" data-id=\"d1334e4\" data-element_type=\"container\">\n\t\t\t\t<div class=\"elementor-element elementor-element-3bfb20e elementor-widget elementor-widget-image\" data-id=\"3bfb20e\" data-element_type=\"widget\" data-widget_type=\"image.default\">\n\t\t\t\t\t\t\t\t\t\t\t\t\t\t\t<img fetchpriority=\"high\" decoding=\"async\" width=\"406\" height=\"675\" src=\"https:\/\/swisscrom.com\/wp-content\/uploads\/2025\/11\/001.jpg\" class=\"attachment-full size-full wp-image-436\" alt=\"\" srcset=\"https:\/\/swisscrom.com\/wp-content\/uploads\/2025\/11\/001.jpg 406w, https:\/\/swisscrom.com\/wp-content\/uploads\/2025\/11\/001-180x300.jpg 180w\" sizes=\"(max-width: 406px) 100vw, 406px\" \/>\t\t\t\t\t\t\t\t\t\t\t\t\t\t\t<\/div>\n\t\t\t\t<div class=\"elementor-element elementor-element-6f426e5 elementor-widget elementor-widget-text-editor\" data-id=\"6f426e5\" data-element_type=\"widget\" data-widget_type=\"text-editor.default\">\n\t\t\t\t\t\t\t\t\t<p style=\"text-align: center;\">Behringer Eisele ma\u0161ina za rezanje materijala \/ Typ 350PV<\/p>\t\t\t\t\t\t\t\t<\/div>\n\t\t\t\t<\/div>\n\t\t<div class=\"elementor-element elementor-element-3d94cd7 e-con-full e-flex e-con e-child\" data-id=\"3d94cd7\" data-element_type=\"container\">\n\t\t\t\t<div class=\"elementor-element elementor-element-fb31783 elementor-widget elementor-widget-image\" data-id=\"fb31783\" data-element_type=\"widget\" data-widget_type=\"image.default\">\n\t\t\t\t\t\t\t\t\t\t\t\t\t\t\t<img decoding=\"async\" width=\"406\" height=\"675\" src=\"https:\/\/swisscrom.com\/wp-content\/uploads\/2025\/11\/002.jpg\" class=\"attachment-full size-full wp-image-437\" alt=\"\" srcset=\"https:\/\/swisscrom.com\/wp-content\/uploads\/2025\/11\/002.jpg 406w, https:\/\/swisscrom.com\/wp-content\/uploads\/2025\/11\/002-180x300.jpg 180w\" sizes=\"(max-width: 406px) 100vw, 406px\" \/>\t\t\t\t\t\t\t\t\t\t\t\t\t\t\t<\/div>\n\t\t\t\t<div class=\"elementor-element elementor-element-aba49ff elementor-widget elementor-widget-text-editor\" data-id=\"aba49ff\" data-element_type=\"widget\" data-widget_type=\"text-editor.default\">\n\t\t\t\t\t\t\t\t\t<p style=\"text-align: center;\">Kemppi aparat za CO2 zavarivanje<\/p>\t\t\t\t\t\t\t\t<\/div>\n\t\t\t\t<\/div>\n\t\t<div class=\"elementor-element elementor-element-b70114b e-con-full e-flex e-con e-child\" data-id=\"b70114b\" data-element_type=\"container\">\n\t\t\t\t<div class=\"elementor-element elementor-element-5470519 elementor-widget elementor-widget-image\" data-id=\"5470519\" data-element_type=\"widget\" data-widget_type=\"image.default\">\n\t\t\t\t\t\t\t\t\t\t\t\t\t\t\t<img decoding=\"async\" width=\"406\" height=\"675\" src=\"https:\/\/swisscrom.com\/wp-content\/uploads\/2025\/11\/003.jpg\" class=\"attachment-full size-full wp-image-441\" alt=\"\" srcset=\"https:\/\/swisscrom.com\/wp-content\/uploads\/2025\/11\/003.jpg 406w, https:\/\/swisscrom.com\/wp-content\/uploads\/2025\/11\/003-180x300.jpg 180w\" sizes=\"(max-width: 406px) 100vw, 406px\" \/>\t\t\t\t\t\t\t\t\t\t\t\t\t\t\t<\/div>\n\t\t\t\t<div class=\"elementor-element elementor-element-0fb6a2e elementor-widget elementor-widget-text-editor\" data-id=\"0fb6a2e\" data-element_type=\"widget\" data-widget_type=\"text-editor.default\">\n\t\t\t\t\t\t\t\t\t<p style=\"text-align: center;\">Kemppi aparat za argonsko i precizno zavarivanje tankih i debelih materijala<\/p>\t\t\t\t\t\t\t\t<\/div>\n\t\t\t\t<\/div>\n\t\t\t\t\t<\/div>\n\t\t\t\t<\/div>\n\t\t<div class=\"elementor-element elementor-element-db0c784 e-flex e-con-boxed e-con e-parent\" data-id=\"db0c784\" data-element_type=\"container\">\n\t\t\t\t\t<div class=\"e-con-inner\">\n\t\t<div class=\"elementor-element elementor-element-b567fd1 e-con-full e-flex e-con e-child\" data-id=\"b567fd1\" data-element_type=\"container\">\n\t\t\t\t<div class=\"elementor-element elementor-element-b7c66b6 elementor-widget elementor-widget-image\" data-id=\"b7c66b6\" data-element_type=\"widget\" data-widget_type=\"image.default\">\n\t\t\t\t\t\t\t\t\t\t\t\t\t\t\t<img loading=\"lazy\" decoding=\"async\" width=\"799\" height=\"568\" src=\"https:\/\/swisscrom.com\/wp-content\/uploads\/2025\/11\/004.jpg\" class=\"attachment-full size-full wp-image-446\" alt=\"\" srcset=\"https:\/\/swisscrom.com\/wp-content\/uploads\/2025\/11\/004.jpg 799w, https:\/\/swisscrom.com\/wp-content\/uploads\/2025\/11\/004-300x213.jpg 300w, https:\/\/swisscrom.com\/wp-content\/uploads\/2025\/11\/004-768x546.jpg 768w\" sizes=\"(max-width: 799px) 100vw, 799px\" \/>\t\t\t\t\t\t\t\t\t\t\t\t\t\t\t<\/div>\n\t\t\t\t<div class=\"elementor-element elementor-element-c4af7df elementor-widget elementor-widget-text-editor\" data-id=\"c4af7df\" data-element_type=\"widget\" data-widget_type=\"text-editor.default\">\n\t\t\t\t\t\t\t\t\t<p style=\"text-align: center;\">Ure\u0111aj za zavr\u0161nu obradu povr\u0161ina-pjeskarenje i staklarenje<\/p>\t\t\t\t\t\t\t\t<\/div>\n\t\t\t\t<\/div>\n\t\t<div class=\"elementor-element elementor-element-69c1180 e-con-full e-flex e-con e-child\" data-id=\"69c1180\" data-element_type=\"container\">\n\t\t\t\t<div class=\"elementor-element elementor-element-64b0e24 elementor-widget elementor-widget-image\" data-id=\"64b0e24\" data-element_type=\"widget\" data-widget_type=\"image.default\">\n\t\t\t\t\t\t\t\t\t\t\t\t\t\t\t<img loading=\"lazy\" decoding=\"async\" width=\"799\" height=\"568\" src=\"https:\/\/swisscrom.com\/wp-content\/uploads\/2025\/11\/005.jpg\" class=\"attachment-full size-full wp-image-447\" alt=\"\" srcset=\"https:\/\/swisscrom.com\/wp-content\/uploads\/2025\/11\/005.jpg 799w, https:\/\/swisscrom.com\/wp-content\/uploads\/2025\/11\/005-300x213.jpg 300w, https:\/\/swisscrom.com\/wp-content\/uploads\/2025\/11\/005-768x546.jpg 768w\" sizes=\"(max-width: 799px) 100vw, 799px\" \/>\t\t\t\t\t\t\t\t\t\t\t\t\t\t\t<\/div>\n\t\t\t\t<div class=\"elementor-element elementor-element-66625d4 elementor-widget elementor-widget-text-editor\" data-id=\"66625d4\" data-element_type=\"widget\" data-widget_type=\"text-editor.default\">\n\t\t\t\t\t\t\t\t\t<p style=\"text-align: center;\">Stolovi za zavarivanje<\/p>\t\t\t\t\t\t\t\t<\/div>\n\t\t\t\t<\/div>\n\t\t\t\t\t<\/div>\n\t\t\t\t<\/div>\n\t\t<div class=\"elementor-element elementor-element-4fb3145 e-flex e-con-boxed e-con e-parent\" data-id=\"4fb3145\" data-element_type=\"container\" data-settings=\"{&quot;background_background&quot;:&quot;classic&quot;}\">\n\t\t\t\t\t<div class=\"e-con-inner\">\n\t\t<div class=\"elementor-element elementor-element-25434e1 e-con-full e-flex e-con e-child\" data-id=\"25434e1\" data-element_type=\"container\">\n\t\t\t\t<div class=\"elementor-element elementor-element-fd17952 elementor-widget elementor-widget-image\" data-id=\"fd17952\" data-element_type=\"widget\" data-widget_type=\"image.default\">\n\t\t\t\t\t\t\t\t\t\t\t\t\t\t\t<img loading=\"lazy\" decoding=\"async\" width=\"799\" height=\"568\" src=\"https:\/\/swisscrom.com\/wp-content\/uploads\/2025\/11\/006.jpg\" class=\"attachment-full size-full wp-image-452\" alt=\"\" srcset=\"https:\/\/swisscrom.com\/wp-content\/uploads\/2025\/11\/006.jpg 799w, https:\/\/swisscrom.com\/wp-content\/uploads\/2025\/11\/006-300x213.jpg 300w, https:\/\/swisscrom.com\/wp-content\/uploads\/2025\/11\/006-768x546.jpg 768w\" sizes=\"(max-width: 799px) 100vw, 799px\" \/>\t\t\t\t\t\t\t\t\t\t\t\t\t\t\t<\/div>\n\t\t\t\t<div class=\"elementor-element elementor-element-4f59372 elementor-widget elementor-widget-text-editor\" data-id=\"4f59372\" data-element_type=\"widget\" data-widget_type=\"text-editor.default\">\n\t\t\t\t\t\t\t\t\t<p style=\"text-align: center;\">Plazma za rezanje od 1 <em>mm<\/em> do 20 <em>mm<\/em> debljine materijala<\/p>\t\t\t\t\t\t\t\t<\/div>\n\t\t\t\t<\/div>\n\t\t<div class=\"elementor-element elementor-element-ff5d2a9 e-con-full e-flex e-con e-child\" data-id=\"ff5d2a9\" data-element_type=\"container\">\n\t\t\t\t<div class=\"elementor-element elementor-element-3387930 elementor-widget elementor-widget-image\" data-id=\"3387930\" data-element_type=\"widget\" data-widget_type=\"image.default\">\n\t\t\t\t\t\t\t\t\t\t\t\t\t\t\t<img loading=\"lazy\" decoding=\"async\" width=\"799\" height=\"568\" src=\"https:\/\/swisscrom.com\/wp-content\/uploads\/2025\/11\/007.jpg\" class=\"attachment-full size-full wp-image-453\" alt=\"\" srcset=\"https:\/\/swisscrom.com\/wp-content\/uploads\/2025\/11\/007.jpg 799w, https:\/\/swisscrom.com\/wp-content\/uploads\/2025\/11\/007-300x213.jpg 300w, https:\/\/swisscrom.com\/wp-content\/uploads\/2025\/11\/007-768x546.jpg 768w\" sizes=\"(max-width: 799px) 100vw, 799px\" \/>\t\t\t\t\t\t\t\t\t\t\t\t\t\t\t<\/div>\n\t\t\t\t<div class=\"elementor-element elementor-element-07f4159 elementor-widget elementor-widget-text-editor\" data-id=\"07f4159\" data-element_type=\"widget\" data-widget_type=\"text-editor.default\">\n\t\t\t\t\t\t\t\t\t<p style=\"text-align: center;\">Kern CD 320 strug za obradu materijala i do fi 200 <em>mm<\/em><\/p>\t\t\t\t\t\t\t\t<\/div>\n\t\t\t\t<\/div>\n\t\t\t\t\t<\/div>\n\t\t\t\t<\/div>\n\t\t<div class=\"elementor-element elementor-element-657e0f5 e-flex e-con-boxed e-con e-parent\" data-id=\"657e0f5\" data-element_type=\"container\">\n\t\t\t\t\t<div class=\"e-con-inner\">\n\t\t<div class=\"elementor-element elementor-element-67ff13e e-con-full e-flex e-con e-child\" data-id=\"67ff13e\" data-element_type=\"container\">\n\t\t\t\t<div class=\"elementor-element elementor-element-8269870 elementor-widget elementor-widget-image\" data-id=\"8269870\" data-element_type=\"widget\" data-widget_type=\"image.default\">\n\t\t\t\t\t\t\t\t\t\t\t\t\t\t\t<img loading=\"lazy\" decoding=\"async\" width=\"799\" height=\"568\" src=\"https:\/\/swisscrom.com\/wp-content\/uploads\/2025\/11\/008.jpg\" class=\"attachment-full size-full wp-image-461\" alt=\"\" srcset=\"https:\/\/swisscrom.com\/wp-content\/uploads\/2025\/11\/008.jpg 799w, https:\/\/swisscrom.com\/wp-content\/uploads\/2025\/11\/008-300x213.jpg 300w, https:\/\/swisscrom.com\/wp-content\/uploads\/2025\/11\/008-768x546.jpg 768w\" sizes=\"(max-width: 799px) 100vw, 799px\" \/>\t\t\t\t\t\t\t\t\t\t\t\t\t\t\t<\/div>\n\t\t\t\t<div class=\"elementor-element elementor-element-51a6936 elementor-widget elementor-widget-text-editor\" data-id=\"51a6936\" data-element_type=\"widget\" data-widget_type=\"text-editor.default\">\n\t\t\t\t\t\t\t\t\t<p style=\"text-align: center;\">Roloma\u0161ina za savijanje do 5 <em>mm<\/em> debljine i 1.5 <em>m<\/em> \u0161irine lima<\/p>\t\t\t\t\t\t\t\t<\/div>\n\t\t\t\t<\/div>\n\t\t<div class=\"elementor-element elementor-element-a6e0a6e e-con-full e-flex e-con e-child\" data-id=\"a6e0a6e\" data-element_type=\"container\">\n\t\t\t\t<div class=\"elementor-element elementor-element-80eab6e elementor-widget elementor-widget-image\" data-id=\"80eab6e\" data-element_type=\"widget\" data-widget_type=\"image.default\">\n\t\t\t\t\t\t\t\t\t\t\t\t\t\t\t<img loading=\"lazy\" decoding=\"async\" width=\"799\" height=\"568\" src=\"https:\/\/swisscrom.com\/wp-content\/uploads\/2025\/11\/009.jpg\" class=\"attachment-full size-full wp-image-462\" alt=\"\" srcset=\"https:\/\/swisscrom.com\/wp-content\/uploads\/2025\/11\/009.jpg 799w, https:\/\/swisscrom.com\/wp-content\/uploads\/2025\/11\/009-300x213.jpg 300w, https:\/\/swisscrom.com\/wp-content\/uploads\/2025\/11\/009-768x546.jpg 768w\" sizes=\"(max-width: 799px) 100vw, 799px\" \/>\t\t\t\t\t\t\t\t\t\t\t\t\t\t\t<\/div>\n\t\t\t\t<div class=\"elementor-element elementor-element-14ae3e6 elementor-widget elementor-widget-text-editor\" data-id=\"14ae3e6\" data-element_type=\"widget\" data-widget_type=\"text-editor.default\">\n\t\t\t\t\t\t\t\t\t<p style=\"text-align: center;\">Freza Fellman za preciznu obradu\u00a0metala<\/p>\t\t\t\t\t\t\t\t<\/div>\n\t\t\t\t<\/div>\n\t\t\t\t\t<\/div>\n\t\t\t\t<\/div>\n\t\t<div class=\"elementor-element elementor-element-5f5130f e-flex e-con-boxed e-con e-parent\" data-id=\"5f5130f\" data-element_type=\"container\">\n\t\t\t\t\t<div class=\"e-con-inner\">\n\t\t<div class=\"elementor-element elementor-element-6f5b36a e-con-full e-flex e-con e-child\" data-id=\"6f5b36a\" data-element_type=\"container\">\n\t\t\t\t<div class=\"elementor-element elementor-element-6b395a8 elementor-widget elementor-widget-image\" data-id=\"6b395a8\" data-element_type=\"widget\" data-widget_type=\"image.default\">\n\t\t\t\t\t\t\t\t\t\t\t\t\t\t\t<img loading=\"lazy\" decoding=\"async\" width=\"362\" height=\"607\" src=\"https:\/\/swisscrom.com\/wp-content\/uploads\/2025\/11\/010-2.jpg\" class=\"attachment-full size-full wp-image-476\" alt=\"\" srcset=\"https:\/\/swisscrom.com\/wp-content\/uploads\/2025\/11\/010-2.jpg 362w, https:\/\/swisscrom.com\/wp-content\/uploads\/2025\/11\/010-2-179x300.jpg 179w\" sizes=\"(max-width: 362px) 100vw, 362px\" \/>\t\t\t\t\t\t\t\t\t\t\t\t\t\t\t<\/div>\n\t\t\t\t<div class=\"elementor-element elementor-element-239487e elementor-widget elementor-widget-text-editor\" data-id=\"239487e\" data-element_type=\"widget\" data-widget_type=\"text-editor.default\">\n\t\t\t\t\t\t\t\t\t<p style=\"text-align: center;\">Selco GENESIS PME aparat za zavarivanje<\/p>\t\t\t\t\t\t\t\t<\/div>\n\t\t\t\t<\/div>\n\t\t<div class=\"elementor-element elementor-element-eca085b e-con-full e-flex e-con e-child\" data-id=\"eca085b\" data-element_type=\"container\">\n\t\t\t\t<div class=\"elementor-element elementor-element-a9a4ee1 elementor-widget elementor-widget-image\" data-id=\"a9a4ee1\" data-element_type=\"widget\" data-widget_type=\"image.default\">\n\t\t\t\t\t\t\t\t\t\t\t\t\t\t\t<img loading=\"lazy\" decoding=\"async\" width=\"1481\" height=\"698\" src=\"https:\/\/swisscrom.com\/wp-content\/uploads\/2025\/11\/011.jpg\" class=\"attachment-full size-full wp-image-475\" alt=\"\" srcset=\"https:\/\/swisscrom.com\/wp-content\/uploads\/2025\/11\/011.jpg 1481w, https:\/\/swisscrom.com\/wp-content\/uploads\/2025\/11\/011-300x141.jpg 300w, https:\/\/swisscrom.com\/wp-content\/uploads\/2025\/11\/011-1024x483.jpg 1024w, https:\/\/swisscrom.com\/wp-content\/uploads\/2025\/11\/011-768x362.jpg 768w\" sizes=\"(max-width: 1481px) 100vw, 1481px\" \/>\t\t\t\t\t\t\t\t\t\t\t\t\t\t\t<\/div>\n\t\t\t\t<div class=\"elementor-element elementor-element-e543494 elementor-widget elementor-widget-text-editor\" data-id=\"e543494\" data-element_type=\"widget\" data-widget_type=\"text-editor.default\">\n\t\t\t\t\t\t\t\t\t<p style=\"text-align: center;\">Lakirnica<\/p>\t\t\t\t\t\t\t\t<\/div>\n\t\t\t\t<\/div>\n\t\t\t\t\t<\/div>\n\t\t\t\t<\/div>\n\t\t\t\t<\/div>\n\t\t","protected":false},"excerpt":{"rendered":"<p>Behringer Eisele ma\u0161ina za rezanje materijala \/ Typ 350PV Kemppi aparat za CO2 zavarivanje Kemppi aparat za argonsko i precizno [&hellip;]<\/p>\n","protected":false},"author":1,"featured_media":0,"parent":0,"menu_order":0,"comment_status":"closed","ping_status":"closed","template":"","meta":{"site-sidebar-layout":"no-sidebar","site-content-layout":"","ast-site-content-layout":"full-width-container","site-content-style":"default","site-sidebar-style":"default","ast-global-header-display":"","ast-banner-title-visibility":"","ast-main-header-display":"","ast-hfb-above-header-display":"","ast-hfb-below-header-display":"","ast-hfb-mobile-header-display":"","site-post-title":"","ast-breadcrumbs-content":"","ast-featured-img":"disabled","footer-sml-layout":"","theme-transparent-header-meta":"default","adv-header-id-meta":"","stick-header-meta":"","header-above-stick-meta":"","header-main-stick-meta":"","header-below-stick-meta":"","astra-migrate-meta-layouts":"set","ast-page-background-enabled":"default","ast-page-background-meta":{"desktop":{"background-color":"var(--ast-global-color-5)","background-image":"","background-repeat":"repeat","background-position":"center center","background-size":"auto","background-attachment":"scroll","background-type":"","background-media":"","overlay-type":"","overlay-color":"","overlay-opacity":"","overlay-gradient":""},"tablet":{"background-color":"","background-image":"","background-repeat":"repeat","background-position":"center center","background-size":"auto","background-attachment":"scroll","background-type":"","background-media":"","overlay-type":"","overlay-color":"","overlay-opacity":"","overlay-gradient":""},"mobile":{"background-color":"","background-image":"","background-repeat":"repeat","background-position":"center center","background-size":"auto","background-attachment":"scroll","background-type":"","background-media":"","overlay-type":"","overlay-color":"","overlay-opacity":"","overlay-gradient":""}},"ast-content-background-meta":{"desktop":{"background-color":"var(--ast-global-color-4)","background-image":"","background-repeat":"repeat","background-position":"center center","background-size":"auto","background-attachment":"scroll","background-type":"","background-media":"","overlay-type":"","overlay-color":"","overlay-opacity":"","overlay-gradient":""},"tablet":{"background-color":"var(--ast-global-color-4)","background-image":"","background-repeat":"repeat","background-position":"center center","background-size":"auto","background-attachment":"scroll","background-type":"","background-media":"","overlay-type":"","overlay-color":"","overlay-opacity":"","overlay-gradient":""},"mobile":{"background-color":"var(--ast-global-color-4)","background-image":"","background-repeat":"repeat","background-position":"center center","background-size":"auto","background-attachment":"scroll","background-type":"","background-media":"","overlay-type":"","overlay-color":"","overlay-opacity":"","overlay-gradient":""}},"footnotes":""},"class_list":["post-13","page","type-page","status-publish","hentry"],"_links":{"self":[{"href":"https:\/\/swisscrom.com\/index.php\/wp-json\/wp\/v2\/pages\/13","targetHints":{"allow":["GET"]}}],"collection":[{"href":"https:\/\/swisscrom.com\/index.php\/wp-json\/wp\/v2\/pages"}],"about":[{"href":"https:\/\/swisscrom.com\/index.php\/wp-json\/wp\/v2\/types\/page"}],"author":[{"embeddable":true,"href":"https:\/\/swisscrom.com\/index.php\/wp-json\/wp\/v2\/users\/1"}],"replies":[{"embeddable":true,"href":"https:\/\/swisscrom.com\/index.php\/wp-json\/wp\/v2\/comments?post=13"}],"version-history":[{"count":46,"href":"https:\/\/swisscrom.com\/index.php\/wp-json\/wp\/v2\/pages\/13\/revisions"}],"predecessor-version":[{"id":550,"href":"https:\/\/swisscrom.com\/index.php\/wp-json\/wp\/v2\/pages\/13\/revisions\/550"}],"wp:attachment":[{"href":"https:\/\/swisscrom.com\/index.php\/wp-json\/wp\/v2\/media?parent=13"}],"curies":[{"name":"wp","href":"https:\/\/api.w.org\/{rel}","templated":true}]}}